{"id":227,"date":"2020-06-09T00:00:00","date_gmt":"2020-06-09T06:00:00","guid":{"rendered":"http:\/\/demo.athemes.com\/atu-agency\/?page_id=4"},"modified":"2020-06-09T16:36:53","modified_gmt":"2020-06-09T22:36:53","slug":"home","status":"publish","type":"page","link":"https:\/\/controlderegalias.com\/","title":{"rendered":"INICIO"},"content":{"rendered":"\t\t<div data-elementor-type=\"wp-post\" data-elementor-id=\"227\" class=\"elementor elementor-227\" data-elementor-settings=\"[]\">\n\t\t\t<div class=\"elementor-inner\">\n\t\t\t\t<div class=\"elementor-section-wrap\">\n\t\t\t\t\t\t\t<section class=\"elementor-element elementor-element-5cb8b6d elementor-section-height-min-height elementor-section-full_width elementor-section-height-default elementor-section-items-middle elementor-section elementor-top-section\" data-id=\"5cb8b6d\" data-element_type=\"section\" data-settings=\"{&quot;background_background&quot;:&quot;classic&quot;}\">\n\t\t\t\t\t\t\t<div class=\"elementor-background-overlay\"><\/div>\n\t\t\t\t\t\t\t<div class=\"elementor-container elementor-column-gap-no\">\n\t\t\t\t<div class=\"elementor-row\">\n\t\t\t\t<div class=\"elementor-element elementor-element-b907772 elementor-column elementor-col-100 elementor-top-column\" data-id=\"b907772\" data-element_type=\"column\">\n\t\t\t<div class=\"elementor-column-wrap  elementor-element-populated\">\n\t\t\t\t\t<div class=\"elementor-widget-wrap\">\n\t\t\t\t<div class=\"elementor-element elementor-element-6f6e030 elementor-widget elementor-widget-heading\" data-id=\"6f6e030\" data-element_type=\"widget\" data-widget_type=\"heading.default\">\n\t\t\t\t<div class=\"elementor-widget-container\">\n\t\t\t<h2 class=\"elementor-heading-title elementor-size-medium\">\u00bfQui\u00e9n controla tus regal\u00edas?<\/h2>\t\t<\/div>\n\t\t\t\t<\/div>\n\t\t\t\t\t\t<\/div>\n\t\t\t<\/div>\n\t\t<\/div>\n\t\t\t\t\t\t<\/div>\n\t\t\t<\/div>\n\t\t<\/section>\n\t\t\t\t<section class=\"elementor-element elementor-element-2033bf6 elementor-section-full_width elementor-section-height-default elementor-section-height-default elementor-section elementor-top-section\" data-id=\"2033bf6\" data-element_type=\"section\" data-settings=\"{&quot;background_background&quot;:&quot;classic&quot;}\">\n\t\t\t\t\t\t<div class=\"elementor-container elementor-column-gap-default\">\n\t\t\t\t<div class=\"elementor-row\">\n\t\t\t\t<div class=\"elementor-element elementor-element-9cc8ba0 elementor-column elementor-col-100 elementor-top-column\" data-id=\"9cc8ba0\" data-element_type=\"column\">\n\t\t\t<div class=\"elementor-column-wrap  elementor-element-populated\">\n\t\t\t\t\t<div class=\"elementor-widget-wrap\">\n\t\t\t\t<div class=\"elementor-element elementor-element-e36490b elementor-widget elementor-widget-heading\" data-id=\"e36490b\" data-element_type=\"widget\" data-widget_type=\"heading.default\">\n\t\t\t\t<div class=\"elementor-widget-container\">\n\t\t\t<h2 class=\"elementor-heading-title elementor-size-small\">QUI\u00c9NES SOMOS<\/h2>\t\t<\/div>\n\t\t\t\t<\/div>\n\t\t\t\t<div class=\"elementor-element elementor-element-09ec9ee elementor-widget elementor-widget-text-editor\" data-id=\"09ec9ee\" data-element_type=\"widget\" data-widget_type=\"text-editor.default\">\n\t\t\t\t<div class=\"elementor-widget-container\">\n\t\t\t\t\t<div class=\"elementor-text-editor elementor-clearfix\"><p>Somos un servicio, basado en la nube, que est\u00e1 dise\u00f1ado para darte tranquilidad.<\/p><p>Aqu\u00ed, administramos el ciclo de vida de las regal\u00edas de tus contenidos publicitarios.<\/p><\/div>\n\t\t\t\t<\/div>\n\t\t\t\t<\/div>\n\t\t\t\t\t\t<\/div>\n\t\t\t<\/div>\n\t\t<\/div>\n\t\t\t\t\t\t<\/div>\n\t\t\t<\/div>\n\t\t<\/section>\n\t\t\t\t<section class=\"elementor-element elementor-element-cc5b436 elementor-section-boxed elementor-section-height-default elementor-section-height-default elementor-section elementor-top-section\" data-id=\"cc5b436\" data-element_type=\"section\" data-settings=\"{&quot;background_background&quot;:&quot;classic&quot;}\">\n\t\t\t\t\t\t<div class=\"elementor-container elementor-column-gap-default\">\n\t\t\t\t<div class=\"elementor-row\">\n\t\t\t\t<div class=\"elementor-element elementor-element-f6f4bb5 elementor-column elementor-col-100 elementor-top-column\" data-id=\"f6f4bb5\" data-element_type=\"column\">\n\t\t\t<div class=\"elementor-column-wrap  elementor-element-populated\">\n\t\t\t\t\t<div class=\"elementor-widget-wrap\">\n\t\t\t\t<div class=\"elementor-element elementor-element-9bad62a elementor-widget elementor-widget-heading\" data-id=\"9bad62a\" data-element_type=\"widget\" data-widget_type=\"heading.default\">\n\t\t\t\t<div class=\"elementor-widget-container\">\n\t\t\t<h2 class=\"elementor-heading-title elementor-size-small\">NUESTROS SERVICIOS<\/h2>\t\t<\/div>\n\t\t\t\t<\/div>\n\t\t\t\t<section class=\"elementor-element elementor-element-bc1302a elementor-section-boxed elementor-section-height-default elementor-section-height-default elementor-section elementor-inner-section\" data-id=\"bc1302a\" data-element_type=\"section\">\n\t\t\t\t\t\t<div class=\"elementor-container elementor-column-gap-wider\">\n\t\t\t\t<div class=\"elementor-row\">\n\t\t\t\t<div class=\"elementor-element elementor-element-7cf8841 elementor-column elementor-col-33 elementor-inner-column\" data-id=\"7cf8841\" data-element_type=\"column\">\n\t\t\t<div class=\"elementor-column-wrap  elementor-element-populated\">\n\t\t\t\t\t<div class=\"elementor-widget-wrap\">\n\t\t\t\t<div class=\"elementor-element elementor-element-fe9e4fb elementor-position-top elementor-vertical-align-top elementor-widget elementor-widget-image-box\" data-id=\"fe9e4fb\" data-element_type=\"widget\" data-widget_type=\"image-box.default\">\n\t\t\t\t<div class=\"elementor-widget-container\">\n\t\t\t<div class=\"elementor-image-box-wrapper\"><figure class=\"elementor-image-box-img\"><img loading=\"lazy\" decoding=\"async\" width=\"145\" height=\"150\" src=\"https:\/\/controlderegalias.com\/wp-content\/uploads\/2020\/06\/your-logo-3-145x150.png\" class=\"attachment-thumbnail size-thumbnail\" alt=\"\" srcset=\"https:\/\/controlderegalias.com\/wp-content\/uploads\/2020\/06\/your-logo-3-145x150.png 145w, https:\/\/controlderegalias.com\/wp-content\/uploads\/2020\/06\/your-logo-3-291x300.png 291w, https:\/\/controlderegalias.com\/wp-content\/uploads\/2020\/06\/your-logo-3-993x1024.png 993w, https:\/\/controlderegalias.com\/wp-content\/uploads\/2020\/06\/your-logo-3-768x792.png 768w, https:\/\/controlderegalias.com\/wp-content\/uploads\/2020\/06\/your-logo-3-720x742.png 720w, https:\/\/controlderegalias.com\/wp-content\/uploads\/2020\/06\/your-logo-3-e1591717173604.png 500w\" sizes=\"auto, (max-width: 145px) 100vw, 145px\" \/><\/figure><div class=\"elementor-image-box-content\"><h3 class=\"elementor-image-box-title\">AVISAMOS<\/h3><p class=\"elementor-image-box-description\">Te avisamos un mes antes de que venza el per\u00edodo de explotaci\u00f3n de tu contenido.<\/p><\/div><\/div>\t\t<\/div>\n\t\t\t\t<\/div>\n\t\t\t\t\t\t<\/div>\n\t\t\t<\/div>\n\t\t<\/div>\n\t\t\t\t<div class=\"elementor-element elementor-element-0936230 elementor-column elementor-col-33 elementor-inner-column\" data-id=\"0936230\" data-element_type=\"column\">\n\t\t\t<div class=\"elementor-column-wrap  elementor-element-populated\">\n\t\t\t\t\t<div class=\"elementor-widget-wrap\">\n\t\t\t\t<div class=\"elementor-element elementor-element-8af58ca elementor-position-top elementor-vertical-align-top elementor-widget elementor-widget-image-box\" data-id=\"8af58ca\" data-element_type=\"widget\" data-widget_type=\"image-box.default\">\n\t\t\t\t<div class=\"elementor-widget-container\">\n\t\t\t<div class=\"elementor-image-box-wrapper\"><figure class=\"elementor-image-box-img\"><img loading=\"lazy\" decoding=\"async\" width=\"145\" height=\"150\" src=\"https:\/\/controlderegalias.com\/wp-content\/uploads\/2020\/06\/your-logo-3-145x150.png\" class=\"attachment-thumbnail size-thumbnail\" alt=\"\" srcset=\"https:\/\/controlderegalias.com\/wp-content\/uploads\/2020\/06\/your-logo-3-145x150.png 145w, https:\/\/controlderegalias.com\/wp-content\/uploads\/2020\/06\/your-logo-3-291x300.png 291w, https:\/\/controlderegalias.com\/wp-content\/uploads\/2020\/06\/your-logo-3-993x1024.png 993w, https:\/\/controlderegalias.com\/wp-content\/uploads\/2020\/06\/your-logo-3-768x792.png 768w, https:\/\/controlderegalias.com\/wp-content\/uploads\/2020\/06\/your-logo-3-720x742.png 720w, https:\/\/controlderegalias.com\/wp-content\/uploads\/2020\/06\/your-logo-3-e1591717173604.png 500w\" sizes=\"auto, (max-width: 145px) 100vw, 145px\" \/><\/figure><div class=\"elementor-image-box-content\"><h3 class=\"elementor-image-box-title\">GESTIONAMOS<\/h3><p class=\"elementor-image-box-description\">Gestionamos el proceso de renovar las regal\u00edas.<\/p><\/div><\/div>\t\t<\/div>\n\t\t\t\t<\/div>\n\t\t\t\t\t\t<\/div>\n\t\t\t<\/div>\n\t\t<\/div>\n\t\t\t\t<div class=\"elementor-element elementor-element-c812094 elementor-column elementor-col-33 elementor-inner-column\" data-id=\"c812094\" data-element_type=\"column\">\n\t\t\t<div class=\"elementor-column-wrap  elementor-element-populated\">\n\t\t\t\t\t<div class=\"elementor-widget-wrap\">\n\t\t\t\t<div class=\"elementor-element elementor-element-4e772d0 elementor-position-top elementor-vertical-align-top elementor-widget elementor-widget-image-box\" data-id=\"4e772d0\" data-element_type=\"widget\" data-widget_type=\"image-box.default\">\n\t\t\t\t<div class=\"elementor-widget-container\">\n\t\t\t<div class=\"elementor-image-box-wrapper\"><figure class=\"elementor-image-box-img\"><img loading=\"lazy\" decoding=\"async\" width=\"145\" height=\"150\" src=\"https:\/\/controlderegalias.com\/wp-content\/uploads\/2020\/06\/your-logo-3-145x150.png\" class=\"attachment-thumbnail size-thumbnail\" alt=\"\" srcset=\"https:\/\/controlderegalias.com\/wp-content\/uploads\/2020\/06\/your-logo-3-145x150.png 145w, https:\/\/controlderegalias.com\/wp-content\/uploads\/2020\/06\/your-logo-3-291x300.png 291w, https:\/\/controlderegalias.com\/wp-content\/uploads\/2020\/06\/your-logo-3-993x1024.png 993w, https:\/\/controlderegalias.com\/wp-content\/uploads\/2020\/06\/your-logo-3-768x792.png 768w, https:\/\/controlderegalias.com\/wp-content\/uploads\/2020\/06\/your-logo-3-720x742.png 720w, https:\/\/controlderegalias.com\/wp-content\/uploads\/2020\/06\/your-logo-3-e1591717173604.png 500w\" sizes=\"auto, (max-width: 145px) 100vw, 145px\" \/><\/figure><div class=\"elementor-image-box-content\"><h3 class=\"elementor-image-box-title\">EXTENDEMOS DERECHOS<\/h3><p class=\"elementor-image-box-description\">Te asistimos en cotizar y \/ o negociar la extensi\u00f3n de Derechos para otros pa\u00edses.<\/p><\/div><\/div>\t\t<\/div>\n\t\t\t\t<\/div>\n\t\t\t\t\t\t<\/div>\n\t\t\t<\/div>\n\t\t<\/div>\n\t\t\t\t\t\t<\/div>\n\t\t\t<\/div>\n\t\t<\/section>\n\t\t\t\t\t\t<\/div>\n\t\t\t<\/div>\n\t\t<\/div>\n\t\t\t\t\t\t<\/div>\n\t\t\t<\/div>\n\t\t<\/section>\n\t\t\t\t<section class=\"elementor-element elementor-element-dbb76d7 elementor-section-full_width elementor-section-height-default elementor-section-height-default elementor-section elementor-top-section\" data-id=\"dbb76d7\" data-element_type=\"section\" data-settings=\"{&quot;background_background&quot;:&quot;classic&quot;}\">\n\t\t\t\t\t\t<div class=\"elementor-container elementor-column-gap-default\">\n\t\t\t\t<div class=\"elementor-row\">\n\t\t\t\t<div class=\"elementor-element elementor-element-e3616e7 elementor-column elementor-col-100 elementor-top-column\" data-id=\"e3616e7\" data-element_type=\"column\">\n\t\t\t<div class=\"elementor-column-wrap  elementor-element-populated\">\n\t\t\t\t\t<div class=\"elementor-widget-wrap\">\n\t\t\t\t<div class=\"elementor-element elementor-element-f89bd90 elementor-widget elementor-widget-heading\" data-id=\"f89bd90\" data-element_type=\"widget\" data-widget_type=\"heading.default\">\n\t\t\t\t<div class=\"elementor-widget-container\">\n\t\t\t<h2 class=\"elementor-heading-title elementor-size-small\">CONTACTO<\/h2>\t\t<\/div>\n\t\t\t\t<\/div>\n\t\t\t\t<div class=\"elementor-element elementor-element-98d4229 elementor-widget elementor-widget-text-editor\" data-id=\"98d4229\" data-element_type=\"widget\" data-widget_type=\"text-editor.default\">\n\t\t\t\t<div class=\"elementor-widget-container\">\n\t\t\t\t\t<div class=\"elementor-text-editor elementor-clearfix\"><p>control@controlderegal\u00edas.com<\/p><\/div>\n\t\t\t\t<\/div>\n\t\t\t\t<\/div>\n\t\t\t\t<div class=\"elementor-element elementor-element-ef5d197 elementor-shape-rounded elementor-widget elementor-widget-social-icons\" data-id=\"ef5d197\" data-element_type=\"widget\" data-widget_type=\"social-icons.default\">\n\t\t\t\t<div class=\"elementor-widget-container\">\n\t\t\t\t\t<div class=\"elementor-social-icons-wrapper\">\n\t\t\t\t\t\t\t<a class=\"elementor-icon elementor-social-icon elementor-social-icon-facebook elementor-repeater-item-4c1e603\" href=\"https:\/\/www.facebook.com\/controlderegalias\/\" target=\"_blank\">\n\t\t\t\t\t<span class=\"elementor-screen-only\">Facebook<\/span>\n\t\t\t\t\t<i class=\"fab fa-facebook\"><\/i>\t\t\t\t<\/a>\n\t\t\t\t\t\t\t<a class=\"elementor-icon elementor-social-icon elementor-social-icon-linkedin elementor-repeater-item-5f7d36a\" href=\"https:\/\/www.linkedin.com\/company\/65900831\/\" target=\"_blank\">\n\t\t\t\t\t<span class=\"elementor-screen-only\">Linkedin<\/span>\n\t\t\t\t\t<i class=\"fab fa-linkedin\"><\/i>\t\t\t\t<\/a>\n\t\t\t\t\t<\/div>\n\t\t\t\t<\/div>\n\t\t\t\t<\/div>\n\t\t\t\t\t\t<\/div>\n\t\t\t<\/div>\n\t\t<\/div>\n\t\t\t\t\t\t<\/div>\n\t\t\t<\/div>\n\t\t<\/section>\n\t\t\t\t\t\t<\/div>\n\t\t\t<\/div>\n\t\t<\/div>\n\t\t","protected":false},"excerpt":{"rendered":"<p>\u00bfQui\u00e9n controla tus regal\u00edas? QUI\u00c9NES [&hellip;]<\/p>\n","protected":false},"author":1,"featured_media":0,"parent":0,"menu_order":0,"comment_status":"closed","ping_status":"closed","template":"page-templates\/template_page-builder.php","meta":{"footnotes":""},"class_list":["post-227","page","type-page","status-publish","hentry"],"_links":{"self":[{"href":"https:\/\/controlderegalias.com\/index.php?rest_route=\/wp\/v2\/pages\/227","targetHints":{"allow":["GET"]}}],"collection":[{"href":"https:\/\/controlderegalias.com\/index.php?rest_route=\/wp\/v2\/pages"}],"about":[{"href":"https:\/\/controlderegalias.com\/index.php?rest_route=\/wp\/v2\/types\/page"}],"author":[{"embeddable":true,"href":"https:\/\/controlderegalias.com\/index.php?rest_route=\/wp\/v2\/users\/1"}],"replies":[{"embeddable":true,"href":"https:\/\/controlderegalias.com\/index.php?rest_route=%2Fwp%2Fv2%2Fcomments&post=227"}],"version-history":[{"count":53,"href":"https:\/\/controlderegalias.com\/index.php?rest_route=\/wp\/v2\/pages\/227\/revisions"}],"predecessor-version":[{"id":382,"href":"https:\/\/controlderegalias.com\/index.php?rest_route=\/wp\/v2\/pages\/227\/revisions\/382"}],"wp:attachment":[{"href":"https:\/\/controlderegalias.com\/index.php?rest_route=%2Fwp%2Fv2%2Fmedia&parent=227"}],"curies":[{"name":"wp","href":"https:\/\/api.w.org\/{rel}","templated":true}]}}